{"id":1451,"date":"2024-02-15T16:42:29","date_gmt":"2024-02-15T16:42:29","guid":{"rendered":"https:\/\/amchambolivia.com\/amcham\/?page_id=1451"},"modified":"2025-03-12T18:45:55","modified_gmt":"2025-03-12T18:45:55","slug":"contacto","status":"publish","type":"page","link":"https:\/\/amchambolivia.com\/amcham\/contacto\/","title":{"rendered":"Contacto"},"content":{"rendered":"\t\t<div data-elementor-type=\"wp-page\" data-elementor-id=\"1451\" class=\"elementor elementor-1451\" data-elementor-post-type=\"page\">\n\t\t\t\t<div class=\"elementor-element elementor-element-88a2731 e-flex e-con-boxed wpr-particle-no wpr-jarallax-no wpr-parallax-no wpr-sticky-section-no e-con e-parent\" data-id=\"88a2731\" data-element_type=\"container\">\n\t\t\t\t\t<div class=\"e-con-inner\">\n\t\t<div class=\"elementor-element elementor-element-048f5a1 e-con-full e-flex wpr-particle-no wpr-jarallax-no wpr-parallax-no wpr-sticky-section-no e-con e-child\" data-id=\"048f5a1\" data-element_type=\"container\">\n\t\t\t\t<div class=\"elementor-element elementor-element-333fe57 elementor-widget elementor-widget-heading\" data-id=\"333fe57\" data-element_type=\"widget\" data-widget_type=\"heading.default\">\n\t\t\t\t<div class=\"elementor-widget-container\">\n\t\t\t\t\t<h2 class=\"elementor-heading-title elementor-size-default\">Informaci\u00f3n de contacto<\/h2>\t\t\t\t<\/div>\n\t\t\t\t<\/div>\n\t\t\t\t<div class=\"elementor-element elementor-element-3ce2132 elementor-align-start elementor-icon-list--layout-traditional elementor-list-item-link-full_width elementor-widget elementor-widget-icon-list\" data-id=\"3ce2132\" data-element_type=\"widget\" data-widget_type=\"icon-list.default\">\n\t\t\t\t<div class=\"elementor-widget-container\">\n\t\t\t\t\t\t\t<ul class=\"elementor-icon-list-items\">\n\t\t\t\t\t\t\t<li class=\"elementor-icon-list-item\">\n\t\t\t\t\t\t\t\t\t\t\t<span class=\"elementor-icon-list-icon\">\n\t\t\t\t\t\t\t<svg xmlns=\"http:\/\/www.w3.org\/2000\/svg\" xmlns:xlink=\"http:\/\/www.w3.org\/1999\/xlink\" id=\"Capa_1\" x=\"0px\" y=\"0px\" viewBox=\"0 0 156.29 157.27\" style=\"enable-background:new 0 0 156.29 157.27;\" xml:space=\"preserve\"><g>\t<path d=\"M48.88,66.28c6.31,12.45,15.4,22.43,25.92,31.11c4.37,3.6,9.37,6.44,14.07,9.64c1.33,0.91,2.29,0.67,3.42-0.49  c3.27-3.36,6.56-6.71,10.04-9.84c6.38-5.73,14.17-5.77,20.32,0.09c6.71,6.4,13.28,12.96,19.66,19.69  c6.21,6.54,6.23,14.7,0.18,21.41c-3.95,4.39-8.08,8.64-12.38,12.69c-7.57,7.14-16.72,7.64-26.32,5.73  c-15.57-3.1-29.28-10.42-42.16-19.3c-24.08-16.61-42.5-38.13-54.65-64.83C3.6,64.76,1.1,57.04,0.23,48.85  c-0.97-9.11,1.07-17.16,7.89-23.69c3.46-3.31,6.72-6.83,10.16-10.17c7.17-6.96,15.55-7.16,22.8-0.29  c6.21,5.89,12.27,11.96,18.16,18.16c7.09,7.46,7.1,15.05,0.16,22.74C56.12,59.22,52.55,62.58,48.88,66.28z M112.96,148.3  c4.25,0.3,8.84-1.59,12.62-5.7c3.03-3.3,6.29-6.39,9.39-9.62c4.07-4.24,4.11-7.14,0.02-11.29c-5.79-5.88-11.64-11.71-17.51-17.51  c-3.66-3.61-6.54-3.6-10.28,0.03c-3.65,3.55-7.2,7.22-10.84,10.78c-2.94,2.88-5.51,3.36-9.1,1.32c-4.68-2.66-9.47-5.23-13.74-8.47  C60.09,97.63,48.56,85.66,41,70.33c-2.54-5.14-2.02-7.18,2.03-11.1c3.44-3.33,6.89-6.65,10.2-10.12c3.24-3.4,3.23-6.22-0.05-9.59  c-6.04-6.2-12.16-12.33-18.33-18.41c-3.23-3.18-6.43-3.27-9.68-0.18c-4.13,3.93-8.12,8.02-12.09,12.12  c-2.67,2.75-3.76,6.2-3.98,9.98C8.7,50.22,10.51,57,13.2,63.51c14.66,35.42,39.6,61.15,73.99,77.82  C94.91,145.08,102.96,147.9,112.96,148.3z\"><\/path>\t<path d=\"M86.84,0c6.72,2.22,13.73,3.83,20.13,6.76c26.78,12.28,43.22,33,49.15,61.95c0.65,3.17-0.5,5.43-3.05,5.99  c-2.81,0.62-5.05-0.87-5.66-4.11c-1.53-8.05-4.04-15.76-8.12-22.87c-11.68-20.38-28.95-33.14-52.03-37.89  c-0.89-0.18-1.84-0.34-2.62-0.77c-1.87-1.03-2.79-2.65-2.33-4.82C82.78,1.93,84.34,0.85,86.84,0z\"><\/path>\t<path d=\"M128.04,71.56c-0.09,2.44-1.2,4.16-3.67,4.54c-2.56,0.4-4.3-0.81-5.11-3.29c-1.22-3.75-2.02-7.7-3.71-11.23  c-5.82-12.18-15.43-19.9-28.59-23.1c-0.89-0.22-1.81-0.32-2.67-0.61c-2.44-0.8-3.71-2.49-3.32-5.09c0.37-2.47,2.64-4.31,5.12-3.55  c5.69,1.74,11.63,3.23,16.77,6.08c13.21,7.33,21.3,18.82,24.75,33.54C127.83,69.74,127.9,70.66,128.04,71.56z\"><\/path><\/g><\/svg>\t\t\t\t\t\t<\/span>\n\t\t\t\t\t\t\t\t\t\t<span class=\"elementor-icon-list-text\">+591 2 2775497 - 2771349 - 2774751<\/span>\n\t\t\t\t\t\t\t\t\t<\/li>\n\t\t\t\t\t\t\t\t<li class=\"elementor-icon-list-item\">\n\t\t\t\t\t\t\t\t\t\t\t<a href=\"mailto:infocenter@amcham.org.bo\">\n\n\t\t\t\t\t\t\t\t\t\t\t\t<span class=\"elementor-icon-list-icon\">\n\t\t\t\t\t\t\t<svg xmlns=\"http:\/\/www.w3.org\/2000\/svg\" xmlns:xlink=\"http:\/\/www.w3.org\/1999\/xlink\" id=\"Capa_1\" x=\"0px\" y=\"0px\" viewBox=\"0 0 124.4 83.92\" style=\"enable-background:new 0 0 124.4 83.92;\" xml:space=\"preserve\"><path d=\"M-0.4,14.06c0,15.77,0,31.54,0,47.31l0,7.89c0,8.62,4.92,13.57,13.51,13.58c11.54,0,23.08,0,34.61,0l14.42,0l14.91,0 c11.7,0,23.41,0.01,35.11-0.02c7.43-0.02,12.63-5.25,12.63-12.71c0.01-18.73,0.01-37.45,0-56.18c0-7.67-5.13-12.82-12.77-12.83 c-33.18-0.02-66.36-0.02-99.55,0C4.66,1.1-0.4,6.19-0.4,14.06z M17.56,75.27l26.49-26.49l1.7,1.79c1.21,1.27,2.61,2.75,4.03,4.2 l0.36,0.36c1.69,1.73,3.43,3.51,5.22,5.18c4.12,3.86,9.62,3.84,13.69-0.03c2.24-2.13,4.46-4.37,6.6-6.53 c1.06-1.07,2.11-2.13,3.17-3.19c0.41-0.41,0.83-0.8,1.2-1.15l0.77-0.72l26.66,26.58H17.56z M117.24,13.18v59.38L87.55,42.86 L117.24,13.18z M109.98,8.54l-0.7,0.82c-0.22,0.26-0.41,0.49-0.58,0.71c-0.34,0.42-0.63,0.78-0.96,1.11L94.71,24.21 c-9.94,9.94-19.88,19.88-29.79,29.84c-0.81,0.81-1.7,1.56-2.75,1.56c0,0,0,0,0,0c-0.79,0-1.56-0.41-2.42-1.27 C49.12,43.63,38.28,32.79,27.79,22.3L16.25,10.76c-0.22-0.22-0.42-0.46-0.69-0.79c-0.14-0.17-0.31-0.37-0.51-0.61l-0.7-0.82H109.98z  M7.2,12.9l29.96,29.93L7.2,72.78V12.9z\"><\/path><\/svg>\t\t\t\t\t\t<\/span>\n\t\t\t\t\t\t\t\t\t\t<span class=\"elementor-icon-list-text\">infocenter@amcham.org.bo<\/span>\n\t\t\t\t\t\t\t\t\t\t\t<\/a>\n\t\t\t\t\t\t\t\t\t<\/li>\n\t\t\t\t\t\t\t\t<li class=\"elementor-icon-list-item\">\n\t\t\t\t\t\t\t\t\t\t\t<span class=\"elementor-icon-list-icon\">\n\t\t\t\t\t\t\t<svg xmlns=\"http:\/\/www.w3.org\/2000\/svg\" xmlns:xlink=\"http:\/\/www.w3.org\/1999\/xlink\" id=\"Capa_1\" x=\"0px\" y=\"0px\" viewBox=\"0 0 124.4 157.95\" style=\"enable-background:new 0 0 124.4 157.95;\" xml:space=\"preserve\"><g>\t<path d=\"M62.3,0c34.05,0.12,57.18,27.64,61.24,50.67c2.17,12.29,0.04,24.05-4.5,35.48c-5.31,13.38-13.35,25.1-22.31,36.23  C87.14,134.32,76.45,145.24,65.6,156c-2.44,2.42-4.16,2.61-6.35,0.44c-15.37-15.25-30.5-30.73-42.52-48.89  C10.03,97.43,4.57,86.72,1.75,74.78c-4.49-19-0.28-35.91,11.98-50.92c9.82-12.02,22.18-19.92,37.6-22.6  C54.96,0.64,58.65,0.41,62.3,0z M62.18,148.91c11.67-11.64,22.76-23.16,32.47-35.92c7.1-9.32,13.42-19.11,17.69-30.09  c4.16-10.7,6.09-21.65,3.42-33.07c-2.14-9.11-6.85-16.78-12.98-23.72C81.56,2.07,44.92,1.42,22.9,24.69  C7.63,40.82,3.6,59.29,11.05,80.25c3,8.45,7.27,16.24,12.21,23.68c9.7,14.59,21.55,27.35,33.77,39.8  C58.68,145.39,60.34,147.05,62.18,148.91z\"><\/path>\t<path d=\"M62.27,37.79C77.3,37.81,89.32,49.89,89.3,64.97c-0.01,15.02-12.11,27.06-27.18,27.04C47.1,91.99,35.07,79.89,35.09,64.82  C35.1,49.78,47.18,37.77,62.27,37.79z M81.89,65.01c0.04-10.96-8.73-19.8-19.66-19.81C51.41,45.2,42.57,53.89,42.5,64.62  C42.42,75.61,51.14,84.54,62,84.6C72.95,84.66,81.85,75.9,81.89,65.01z\"><\/path><\/g><\/svg>\t\t\t\t\t\t<\/span>\n\t\t\t\t\t\t\t\t\t\t<span class=\"elementor-icon-list-text\">Calle 23 de Calacoto, Torre Empresarial Titanium #105 Oficina 103. esquina calle Adrian Pati\u00f1o, a media cuadra del colegio\u00a0los\u00a0pinos.<\/span>\n\t\t\t\t\t\t\t\t\t<\/li>\n\t\t\t\t\t\t\t\t<li class=\"elementor-icon-list-item\">\n\t\t\t\t\t\t\t\t\t\t\t<span class=\"elementor-icon-list-icon\">\n\t\t\t\t\t\t\t<svg aria-hidden=\"true\" class=\"e-font-icon-svg e-far-clock\" viewBox=\"0 0 512 512\" xmlns=\"http:\/\/www.w3.org\/2000\/svg\"><path d=\"M256 8C119 8 8 119 8 256s111 248 248 248 248-111 248-248S393 8 256 8zm0 448c-110.5 0-200-89.5-200-200S145.5 56 256 56s200 89.5 200 200-89.5 200-200 200zm61.8-104.4l-84.9-61.7c-3.1-2.3-4.9-5.9-4.9-9.7V116c0-6.6 5.4-12 12-12h32c6.6 0 12 5.4 12 12v141.7l66.8 48.6c5.4 3.9 6.5 11.4 2.6 16.8L334.6 349c-3.9 5.3-11.4 6.5-16.8 2.6z\"><\/path><\/svg>\t\t\t\t\t\t<\/span>\n\t\t\t\t\t\t\t\t\t\t<span class=\"elementor-icon-list-text\">Lunes a viernes de 09:00 a 17:00<\/span>\n\t\t\t\t\t\t\t\t\t<\/li>\n\t\t\t\t\t\t<\/ul>\n\t\t\t\t\t\t<\/div>\n\t\t\t\t<\/div>\n\t\t\t\t<div class=\"elementor-element elementor-element-47b440c elementor-shape-square elementor-grid-0 e-grid-align-center elementor-widget elementor-widget-social-icons\" data-id=\"47b440c\" data-element_type=\"widget\" data-widget_type=\"social-icons.default\">\n\t\t\t\t<div class=\"elementor-widget-container\">\n\t\t\t\t\t\t\t<div class=\"elementor-social-icons-wrapper elementor-grid\" role=\"list\">\n\t\t\t\t\t\t\t<span class=\"elementor-grid-item\" role=\"listitem\">\n\t\t\t\t\t<a class=\"elementor-icon elementor-social-icon elementor-social-icon-linkedin elementor-repeater-item-2b24867\" href=\"https:\/\/www.linkedin.com\/in\/amcham-bolivia-0a792b117\" target=\"_blank\">\n\t\t\t\t\t\t<span class=\"elementor-screen-only\">Linkedin<\/span>\n\t\t\t\t\t\t<svg aria-hidden=\"true\" class=\"e-font-icon-svg e-fab-linkedin\" viewBox=\"0 0 448 512\" xmlns=\"http:\/\/www.w3.org\/2000\/svg\"><path d=\"M416 32H31.9C14.3 32 0 46.5 0 64.3v383.4C0 465.5 14.3 480 31.9 480H416c17.6 0 32-14.5 32-32.3V64.3c0-17.8-14.4-32.3-32-32.3zM135.4 416H69V202.2h66.5V416zm-33.2-243c-21.3 0-38.5-17.3-38.5-38.5S80.9 96 102.2 96c21.2 0 38.5 17.3 38.5 38.5 0 21.3-17.2 38.5-38.5 38.5zm282.1 243h-66.4V312c0-24.8-.5-56.7-34.5-56.7-34.6 0-39.9 27-39.9 54.9V416h-66.4V202.2h63.7v29.2h.9c8.9-16.8 30.6-34.5 62.9-34.5 67.2 0 79.7 44.3 79.7 101.9V416z\"><\/path><\/svg>\t\t\t\t\t<\/a>\n\t\t\t\t<\/span>\n\t\t\t\t\t\t\t<span class=\"elementor-grid-item\" role=\"listitem\">\n\t\t\t\t\t<a class=\"elementor-icon elementor-social-icon elementor-social-icon-facebook elementor-repeater-item-fac13cb\" href=\"https:\/\/www.facebook.com\/amchambol\" target=\"_blank\">\n\t\t\t\t\t\t<span class=\"elementor-screen-only\">Facebook<\/span>\n\t\t\t\t\t\t<svg aria-hidden=\"true\" class=\"e-font-icon-svg e-fab-facebook\" viewBox=\"0 0 512 512\" xmlns=\"http:\/\/www.w3.org\/2000\/svg\"><path d=\"M504 256C504 119 393 8 256 8S8 119 8 256c0 123.78 90.69 226.38 209.25 245V327.69h-63V256h63v-54.64c0-62.15 37-96.48 93.67-96.48 27.14 0 55.52 4.84 55.52 4.84v61h-31.28c-30.8 0-40.41 19.12-40.41 38.73V256h68.78l-11 71.69h-57.78V501C413.31 482.38 504 379.78 504 256z\"><\/path><\/svg>\t\t\t\t\t<\/a>\n\t\t\t\t<\/span>\n\t\t\t\t\t\t\t<span class=\"elementor-grid-item\" role=\"listitem\">\n\t\t\t\t\t<a class=\"elementor-icon elementor-social-icon elementor-social-icon-instagram elementor-repeater-item-2cfa130\" href=\"https:\/\/www.instagram.com\/amchambolivia\/\" target=\"_blank\">\n\t\t\t\t\t\t<span class=\"elementor-screen-only\">Instagram<\/span>\n\t\t\t\t\t\t<svg aria-hidden=\"true\" class=\"e-font-icon-svg e-fab-instagram\" viewBox=\"0 0 448 512\" xmlns=\"http:\/\/www.w3.org\/2000\/svg\"><path d=\"M224.1 141c-63.6 0-114.9 51.3-114.9 114.9s51.3 114.9 114.9 114.9S339 319.5 339 255.9 287.7 141 224.1 141zm0 189.6c-41.1 0-74.7-33.5-74.7-74.7s33.5-74.7 74.7-74.7 74.7 33.5 74.7 74.7-33.6 74.7-74.7 74.7zm146.4-194.3c0 14.9-12 26.8-26.8 26.8-14.9 0-26.8-12-26.8-26.8s12-26.8 26.8-26.8 26.8 12 26.8 26.8zm76.1 27.2c-1.7-35.9-9.9-67.7-36.2-93.9-26.2-26.2-58-34.4-93.9-36.2-37-2.1-147.9-2.1-184.9 0-35.8 1.7-67.6 9.9-93.9 36.1s-34.4 58-36.2 93.9c-2.1 37-2.1 147.9 0 184.9 1.7 35.9 9.9 67.7 36.2 93.9s58 34.4 93.9 36.2c37 2.1 147.9 2.1 184.9 0 35.9-1.7 67.7-9.9 93.9-36.2 26.2-26.2 34.4-58 36.2-93.9 2.1-37 2.1-147.8 0-184.8zM398.8 388c-7.8 19.6-22.9 34.7-42.6 42.6-29.5 11.7-99.5 9-132.1 9s-102.7 2.6-132.1-9c-19.6-7.8-34.7-22.9-42.6-42.6-11.7-29.5-9-99.5-9-132.1s-2.6-102.7 9-132.1c7.8-19.6 22.9-34.7 42.6-42.6 29.5-11.7 99.5-9 132.1-9s102.7-2.6 132.1 9c19.6 7.8 34.7 22.9 42.6 42.6 11.7 29.5 9 99.5 9 132.1s2.7 102.7-9 132.1z\"><\/path><\/svg>\t\t\t\t\t<\/a>\n\t\t\t\t<\/span>\n\t\t\t\t\t\t\t<span class=\"elementor-grid-item\" role=\"listitem\">\n\t\t\t\t\t<a class=\"elementor-icon elementor-social-icon elementor-social-icon-youtube elementor-repeater-item-467570f\" href=\"https:\/\/www.youtube.com\/channel\/UCM3LlMLieZ1mun-hSfMtGww\" target=\"_blank\">\n\t\t\t\t\t\t<span class=\"elementor-screen-only\">Youtube<\/span>\n\t\t\t\t\t\t<svg aria-hidden=\"true\" class=\"e-font-icon-svg e-fab-youtube\" viewBox=\"0 0 576 512\" xmlns=\"http:\/\/www.w3.org\/2000\/svg\"><path d=\"M549.655 124.083c-6.281-23.65-24.787-42.276-48.284-48.597C458.781 64 288 64 288 64S117.22 64 74.629 75.486c-23.497 6.322-42.003 24.947-48.284 48.597-11.412 42.867-11.412 132.305-11.412 132.305s0 89.438 11.412 132.305c6.281 23.65 24.787 41.5 48.284 47.821C117.22 448 288 448 288 448s170.78 0 213.371-11.486c23.497-6.321 42.003-24.171 48.284-47.821 11.412-42.867 11.412-132.305 11.412-132.305s0-89.438-11.412-132.305zm-317.51 213.508V175.185l142.739 81.205-142.739 81.201z\"><\/path><\/svg>\t\t\t\t\t<\/a>\n\t\t\t\t<\/span>\n\t\t\t\t\t<\/div>\n\t\t\t\t\t\t<\/div>\n\t\t\t\t<\/div>\n\t\t\t\t<div class=\"elementor-element elementor-element-596a0d0 elementor-widget elementor-widget-google_maps\" data-id=\"596a0d0\" data-element_type=\"widget\" data-widget_type=\"google_maps.default\">\n\t\t\t\t<div class=\"elementor-widget-container\">\n\t\t\t\t\t\t\t<div class=\"elementor-custom-embed\">\n\t\t\t<iframe loading=\"lazy\"\n\t\t\t\t\tsrc=\"https:\/\/maps.google.com\/maps?q=Edificio%20Torre%20Empresarial%20Titanium&#038;t=m&#038;z=16&#038;output=embed&#038;iwloc=near\"\n\t\t\t\t\ttitle=\"Edificio Torre Empresarial Titanium\"\n\t\t\t\t\taria-label=\"Edificio Torre Empresarial Titanium\"\n\t\t\t><\/iframe>\n\t\t<\/div>\n\t\t\t\t\t\t<\/div>\n\t\t\t\t<\/div>\n\t\t\t\t<\/div>\n\t\t<div class=\"elementor-element elementor-element-40f921f e-con-full e-flex wpr-particle-no wpr-jarallax-no wpr-parallax-no wpr-sticky-section-no e-con e-child\" data-id=\"40f921f\" data-element_type=\"container\" data-settings=\"{&quot;background_background&quot;:&quot;gradient&quot;}\">\n\t\t\t\t<div class=\"elementor-element elementor-element-b13be43 elementor-widget elementor-widget-heading\" data-id=\"b13be43\" data-element_type=\"widget\" data-widget_type=\"heading.default\">\n\t\t\t\t<div class=\"elementor-widget-container\">\n\t\t\t\t\t<h2 class=\"elementor-heading-title elementor-size-default\">Formulario de contacto<\/h2>\t\t\t\t<\/div>\n\t\t\t\t<\/div>\n\t\t\t\t<div class=\"elementor-element elementor-element-c75db9b elementor-button-align-center elementor-widget elementor-widget-form\" data-id=\"c75db9b\" data-element_type=\"widget\" data-settings=\"{&quot;step_next_label&quot;:&quot;Next&quot;,&quot;step_previous_label&quot;:&quot;Previous&quot;,&quot;button_width&quot;:&quot;100&quot;,&quot;step_type&quot;:&quot;number_text&quot;,&quot;step_icon_shape&quot;:&quot;circle&quot;}\" data-widget_type=\"form.default\">\n\t\t\t\t<div class=\"elementor-widget-container\">\n\t\t\t\t\t\t\t<form class=\"elementor-form\" method=\"post\" name=\"Contacto\" aria-label=\"Contacto\">\n\t\t\t<input type=\"hidden\" name=\"post_id\" value=\"1451\"\/>\n\t\t\t<input type=\"hidden\" name=\"form_id\" value=\"c75db9b\"\/>\n\t\t\t<input type=\"hidden\" name=\"referer_title\" value=\"Contacto\" \/>\n\n\t\t\t\t\t\t\t<input type=\"hidden\" name=\"queried_id\" value=\"1451\"\/>\n\t\t\t\n\t\t\t<div class=\"elementor-form-fields-wrapper elementor-labels-above\">\n\t\t\t\t\t\t\t\t<div class=\"elementor-field-type-text elementor-field-group elementor-column elementor-field-group-name elementor-col-50 elementor-field-required\">\n\t\t\t\t\t\t\t\t\t\t\t\t<label for=\"form-field-name\" class=\"elementor-field-label\">\n\t\t\t\t\t\t\t\tNombre\t\t\t\t\t\t\t<\/label>\n\t\t\t\t\t\t\t\t\t\t\t\t\t\t<input size=\"1\" type=\"text\" name=\"form_fields[name]\" id=\"form-field-name\" class=\"elementor-field elementor-size-sm  elementor-field-textual\" required=\"required\">\n\t\t\t\t\t\t\t\t\t\t\t<\/div>\n\t\t\t\t\t\t\t\t<div class=\"elementor-field-type-text elementor-field-group elementor-column elementor-field-group-field_9e716fa elementor-col-50 elementor-field-required\">\n\t\t\t\t\t\t\t\t\t\t\t\t<label for=\"form-field-field_9e716fa\" class=\"elementor-field-label\">\n\t\t\t\t\t\t\t\tApellido\t\t\t\t\t\t\t<\/label>\n\t\t\t\t\t\t\t\t\t\t\t\t\t\t<input size=\"1\" type=\"text\" name=\"form_fields[field_9e716fa]\" id=\"form-field-field_9e716fa\" class=\"elementor-field elementor-size-sm  elementor-field-textual\" required=\"required\">\n\t\t\t\t\t\t\t\t\t\t\t<\/div>\n\t\t\t\t\t\t\t\t<div class=\"elementor-field-type-text elementor-field-group elementor-column elementor-field-group-field_d4f0181 elementor-col-100\">\n\t\t\t\t\t\t\t\t\t\t\t\t<label for=\"form-field-field_d4f0181\" class=\"elementor-field-label\">\n\t\t\t\t\t\t\t\tEmpresa\/organizaci\u00f3n\t\t\t\t\t\t\t<\/label>\n\t\t\t\t\t\t\t\t\t\t\t\t\t\t<input size=\"1\" type=\"text\" name=\"form_fields[field_d4f0181]\" id=\"form-field-field_d4f0181\" class=\"elementor-field elementor-size-sm  elementor-field-textual\">\n\t\t\t\t\t\t\t\t\t\t\t<\/div>\n\t\t\t\t\t\t\t\t<div class=\"elementor-field-type-email elementor-field-group elementor-column elementor-field-group-email elementor-col-100 elementor-field-required\">\n\t\t\t\t\t\t\t\t\t\t\t\t<label for=\"form-field-email\" class=\"elementor-field-label\">\n\t\t\t\t\t\t\t\tEmail\t\t\t\t\t\t\t<\/label>\n\t\t\t\t\t\t\t\t\t\t\t\t\t\t<input size=\"1\" type=\"email\" name=\"form_fields[email]\" id=\"form-field-email\" class=\"elementor-field elementor-size-sm  elementor-field-textual\" required=\"required\">\n\t\t\t\t\t\t\t\t\t\t\t<\/div>\n\t\t\t\t\t\t\t\t<div class=\"elementor-field-type-textarea elementor-field-group elementor-column elementor-field-group-message elementor-col-100\">\n\t\t\t\t\t\t\t\t\t\t\t\t<label for=\"form-field-message\" class=\"elementor-field-label\">\n\t\t\t\t\t\t\t\tMensaje\t\t\t\t\t\t\t<\/label>\n\t\t\t\t\t\t<textarea class=\"elementor-field-textual elementor-field  elementor-size-sm\" name=\"form_fields[message]\" id=\"form-field-message\" rows=\"4\"><\/textarea>\t\t\t\t<\/div>\n\t\t\t\t\t\t\t\t<div class=\"elementor-field-type-acceptance elementor-field-group elementor-column elementor-field-group-field_b8bab02 elementor-col-100 elementor-field-required\">\n\t\t\t\t\t\t\t\t\t\t\t\t<label for=\"form-field-field_b8bab02\" class=\"elementor-field-label\">\n\t\t\t\t\t\t\t\tConfidencialidad\t\t\t\t\t\t\t<\/label>\n\t\t\t\t\t\t\t\t<div class=\"elementor-field-subgroup\">\n\t\t\t<span class=\"elementor-field-option\">\n\t\t\t\t<input type=\"checkbox\" name=\"form_fields[field_b8bab02]\" id=\"form-field-field_b8bab02\" class=\"elementor-field elementor-size-sm  elementor-acceptance-field\" required=\"required\">\n\t\t\t\t<label for=\"form-field-field_b8bab02\"><p style=\"font-size: 10px; text-align: justify;\">Declaro que he le\u00eddo y acepto la Pol\u00edtica de Privacidad de AmCham y doy mi consentimiento informado para que la organizaci\u00f3n pueda recopilar y guardar mis datos personales e informaci\u00f3n proporcionada en este sitio web. Autorizo el uso de esta informaci\u00f3n para mantenerme informado sobre sus actividades, gestionar mi participaci\u00f3n en eventos, enviarme comunicaciones promocionales relacionadas con AmCham y coordinar y organizar eventos masivos. Entiendo que AmCham se compromete a no compartir mis datos con terceros sin mi autorizaci\u00f3n previa. Todo el manejo de mi informaci\u00f3n personal se realizar\u00e1 siguiendo estrictamente los lineamientos<\/label>\t\t\t<\/span>\n\t\t<\/div>\n\t\t\t\t\t\t<\/div>\n\t\t\t\t\t\t\t\t<div class=\"elementor-field-group elementor-column elementor-field-type-submit elementor-col-100 e-form__buttons\">\n\t\t\t\t\t<button class=\"elementor-button elementor-size-sm\" type=\"submit\">\n\t\t\t\t\t\t<span class=\"elementor-button-content-wrapper\">\n\t\t\t\t\t\t\t\t\t\t\t\t\t\t\t\t\t\t\t\t\t\t<span class=\"elementor-button-text\">Enviar<\/span>\n\t\t\t\t\t\t\t\t\t\t\t\t\t<\/span>\n\t\t\t\t\t<\/button>\n\t\t\t\t<\/div>\n\t\t\t<\/div>\n\t\t<\/form>\n\t\t\t\t\t\t<\/div>\n\t\t\t\t<\/div>\n\t\t\t\t<\/div>\n\t\t\t\t\t<\/div>\n\t\t\t\t<\/div>\n\t\t\t\t<\/div>\n\t\t","protected":false},"excerpt":{"rendered":"<p>Informaci\u00f3n de contacto +591 2 2775497 &#8211; 2771349 &#8211; 2774751 infocenter@amcham.org.bo Calle 23 de Calacoto, Torre Empresarial Titanium #105 Oficina 103. esquina calle Adrian Pati\u00f1o, a media cuadra del colegio\u00a0los\u00a0pinos. Lunes a viernes de 09:00 a 17:00 Linkedin Facebook Instagram Youtube Formulario de contacto<\/p>\n","protected":false},"author":1,"featured_media":0,"parent":0,"menu_order":0,"comment_status":"closed","ping_status":"closed","template":"","meta":{"nf_dc_page":"","footnotes":""},"class_list":["post-1451","page","type-page","status-publish","hentry"],"_links":{"self":[{"href":"https:\/\/amchambolivia.com\/amcham\/wp-json\/wp\/v2\/pages\/1451","targetHints":{"allow":["GET"]}}],"collection":[{"href":"https:\/\/amchambolivia.com\/amcham\/wp-json\/wp\/v2\/pages"}],"about":[{"href":"https:\/\/amchambolivia.com\/amcham\/wp-json\/wp\/v2\/types\/page"}],"author":[{"embeddable":true,"href":"https:\/\/amchambolivia.com\/amcham\/wp-json\/wp\/v2\/users\/1"}],"replies":[{"embeddable":true,"href":"https:\/\/amchambolivia.com\/amcham\/wp-json\/wp\/v2\/comments?post=1451"}],"version-history":[{"count":5,"href":"https:\/\/amchambolivia.com\/amcham\/wp-json\/wp\/v2\/pages\/1451\/revisions"}],"predecessor-version":[{"id":10894,"href":"https:\/\/amchambolivia.com\/amcham\/wp-json\/wp\/v2\/pages\/1451\/revisions\/10894"}],"wp:attachment":[{"href":"https:\/\/amchambolivia.com\/amcham\/wp-json\/wp\/v2\/media?parent=1451"}],"curies":[{"name":"wp","href":"https:\/\/api.w.org\/{rel}","templated":true}]}}